{"id":2499,"date":"2020-11-27T10:12:25","date_gmt":"2020-11-27T10:12:25","guid":{"rendered":"http:\/\/www.bovec-outdoor.com\/e-bike\/"},"modified":"2021-05-30T10:37:42","modified_gmt":"2021-05-30T10:37:42","slug":"e-bike","status":"publish","type":"page","link":"https:\/\/www.bovec-outdoor.com\/sl\/e-bike\/","title":{"rendered":"E-bike"},"content":{"rendered":"<div class=\"wpb-content-wrapper\"><p>[vc_row full_width=&#8221;stretch_row&#8221; gap=&#8221;25&#8243; parallax=&#8221;content-moving&#8221; parallax_image=&#8221;1726&#8243; css=&#8221;.vc_custom_1606472175283{padding-top: 28vh !important;padding-bottom: 30vh !important;}&#8221;][vc_column][vc_row_inner][vc_column_inner width=&#8221;1\/6&#8243;][\/vc_column_inner][vc_column_inner width=&#8221;2\/3&#8243; css=&#8221;.vc_custom_1601630861276{padding-top: 2vh !important;padding-bottom: 2vh !important;background-color: rgba(0,0,0,0.11) !important;*background-color: rgb(0,0,0) !important;}&#8221;]<div id=\"cz_48052\" class=\"cz_48052 cz_title clr cz_mobile_text_center cz_title_pos_inline tac\"><div class=\"cz_title_content\"><div class=\"cz_wpe_content\"><h1 style=\"text-align: center;\"><span style=\"color: #ffffff;\"><strong>E-BIKE TOUR \u2013 SPRO\u0160\u010cENA IN UDOBNA POTEPANJA S KOLESI<\/strong><\/span><\/h1>\n<\/div><\/div><\/div>[\/vc_column_inner][vc_column_inner width=&#8221;1\/6&#8243;][\/vc_column_inner][\/vc_row_inner][\/vc_column][\/vc_row][vc_row full_width=&#8221;stretch_row_content_no_spaces&#8221; css=&#8221;.vc_custom_1601410078700{padding-bottom: 4vh !important;}&#8221;][vc_column]<div class=\"relative\"><div id=\"cz_45250\" class=\"cz_sep2 cz_sep2_24 cz_sep_bottom\"><svg preserveAspectRatio=\"none\" xmlns=\"http:\/\/www.w3.org\/2000\/svg\" width=\"100%\"  viewBox=\"0 0 1600 200\">\n\t\t\t\t\t\t\t<path style=\"fill:rgba(244,244,244,0.25)\" d=\"M-4.5,19L318,117,502,43l186,86L968,31l64,47,99-31,104,78,159,47,134-83,167.5,115H-4Z\"\/>\n\t\t\t\t\t\t\t<path style=\"fill:#ffffff\" d=\"M-4.5,19L328,139,528.5,63,658,148,976,56l72,43,68-38,135,85,161,34,103-76,180.5,100H-4Z\"\/>\n\t\t\t\t\t\t<\/svg><\/div><\/div>[\/vc_column][\/vc_row][vc_row][vc_column width=&#8221;1\/4&#8243;]<a class=\"cz_content_box_link\" href=\"\/sl\/e-bike\/najlepsi-razgledi-v-dolini-soce-in-trente\/\"><div class=\"cz_eqh cz_content_box_parent_fx  \"><div class=\"fx_zoom_0_hover\"><div id=\"cz_25310\" class=\"cz_25310 cz_content_box clr\"><div class=\"cz_box_front clr\"><div class=\"cz_box_front_inner clr \"><span><\/span><div><div id=\"cz_15427\" class=\"cz_15427 cz_image clr cz_image_no_fx center_on_mobile\"><div class=\"\" ><div class=\"cz_image_in\"><div class=\"cz_main_image\"><img decoding=\"async\" class=\"\" src=\"https:\/\/www.bovec-outdoor.com\/wp-content\/uploads\/2020\/11\/e-bike-best-spots-in-soca-valley-16-1-500x500.jpg\" width=\"500\" height=\"500\" alt=\"e-bike-best-spots-in-soca-valley-16\" title=\"e-bike-best-spots-in-soca-valley-16\" loading=\"lazy\" \/><\/div><\/div><\/div><\/div><div class=\"cz_gap clr \" style=\"height: 22px\"><\/div><div id=\"cz_54203\" class=\"cz_54203 cz_title clr cz_title_pos_inline tac\"><div class=\"cz_title_content\"><div class=\"cz_wpe_content\"><h3 style=\"text-align: center;\">NAJLEP\u0160I RAZGLEDI V DOLINI SO\u010cE IN TRENTE<\/h3>\n<\/div><\/div><\/div><\/div><\/div><\/div><\/div><\/div><\/div><\/a><div class=\"cz_gap clr \" style=\"height: 22px\"><\/div>[\/vc_column][vc_column width=&#8221;1\/4&#8243;]<a class=\"cz_content_box_link\" href=\"\/sl\/e-bike\/moc-vode\/\"><div class=\"cz_eqh cz_content_box_parent_fx  \"><div class=\"fx_zoom_0_hover\"><div id=\"cz_63786\" class=\"cz_63786 cz_content_box clr\"><div class=\"cz_box_front clr\"><div class=\"cz_box_front_inner clr \"><span><\/span><div><div id=\"cz_75168\" class=\"cz_75168 cz_image clr cz_image_no_fx center_on_mobile\"><div class=\"\" ><div class=\"cz_image_in\"><div class=\"cz_main_image\"><img decoding=\"async\" class=\"\" src=\"https:\/\/www.bovec-outdoor.com\/wp-content\/uploads\/2020\/11\/e-bike-tour-soca-river-top2-500x500.jpg\" width=\"500\" height=\"500\" alt=\"E-Bike tour - relaxed wandering from the source of the water to the source of life\" title=\"E-Bike tour - relaxed wandering from the source of the water to the source of life\" loading=\"lazy\" \/><\/div><\/div><\/div><\/div><div class=\"cz_gap clr \" style=\"height: 22px\"><\/div><div id=\"cz_52889\" class=\"cz_52889 cz_title clr cz_title_pos_inline tac\"><div class=\"cz_title_content\"><div class=\"cz_wpe_content\"><h3 style=\"text-align: center;\">MO\u010c VODE<\/h3>\n<\/div><\/div><\/div><\/div><\/div><\/div><\/div><\/div><\/div><\/a><div class=\"cz_gap clr \" style=\"height: 22px\"><\/div>[\/vc_column][vc_column width=&#8221;1\/4&#8243;]<a class=\"cz_content_box_link\" href=\"\/sl\/e-bike\/najlepse-poti-okoli-bovca\/\" title=\"e-bike trips Bovec\" aria-label=\"e-bike trips Bovec\"><div class=\"cz_eqh cz_content_box_parent_fx  \"><div class=\"fx_zoom_0_hover\"><div id=\"cz_106492\" class=\"cz_106492 cz_content_box clr\"><div class=\"cz_box_front clr\"><div class=\"cz_box_front_inner clr \"><span><\/span><div><div id=\"cz_16574\" class=\"cz_16574 cz_image clr cz_image_no_fx center_on_mobile\"><div class=\"\" ><div class=\"cz_image_in\"><div class=\"cz_main_image\"><img decoding=\"async\" class=\"\" src=\"https:\/\/www.bovec-outdoor.com\/wp-content\/uploads\/2020\/11\/TOP-TRAILS-AROUND-BOVEC-500x500.jpg\" width=\"500\" height=\"500\" alt=\"TOP TRAILS AROUND BOVEC\" title=\"TOP TRAILS AROUND BOVEC\" loading=\"lazy\" \/><\/div><\/div><\/div><\/div><div class=\"cz_gap clr \" style=\"height: 22px\"><\/div><div id=\"cz_16500\" class=\"cz_16500 cz_title clr cz_title_pos_inline tac\"><div class=\"cz_title_content\"><div class=\"cz_wpe_content\"><h3 style=\"text-align: center;\">NAJLEP\u0160E POTI OKOLI BOVCA<\/h3>\n<\/div><\/div><\/div><\/div><\/div><\/div><\/div><\/div><\/div><\/a><div class=\"cz_gap clr \" style=\"height: 22px\"><\/div>[\/vc_column][vc_column width=&#8221;1\/4&#8243;]<a class=\"cz_content_box_link\" href=\"\/sl\/e-bike\/po-sledeh-frontne-linije-iz-1-sv-vojne\/\" title=\"ALONG THE FRONT LINE OF WW1\" aria-label=\"ALONG THE FRONT LINE OF WW1\"><div class=\"cz_eqh cz_content_box_parent_fx  \"><div class=\"fx_zoom_0_hover\"><div id=\"cz_15895\" class=\"cz_15895 cz_content_box clr\"><div class=\"cz_box_front clr\"><div class=\"cz_box_front_inner clr \"><span><\/span><div><div id=\"cz_36061\" class=\"cz_36061 cz_image clr cz_image_no_fx center_on_mobile\"><div class=\"\" ><div class=\"cz_image_in\"><div class=\"cz_main_image\"><img decoding=\"async\" class=\"\" src=\"https:\/\/www.bovec-outdoor.com\/wp-content\/uploads\/2020\/11\/w-bike-trips-ww1-soca-top.jpg\" width=\"500\" height=\"500\" alt=\"E-Bike tour \u2013 in the footsteps of 1.st world war by bycicle and on foot\" title=\"E-Bike tour \u2013 in the footsteps of 1.st world war by bycicle and on foot\" loading=\"lazy\" \/><\/div><\/div><\/div><\/div><div class=\"cz_gap clr \" style=\"height: 22px\"><\/div><div id=\"cz_79953\" class=\"cz_79953 cz_title clr cz_title_pos_inline tac\"><div class=\"cz_title_content\"><div class=\"cz_wpe_content\"><h3 style=\"text-align: center;\">PO SLEDEH FRONTNE LINIJE IZ 1.SV.VOJNE<\/h3>\n<\/div><\/div><\/div><\/div><\/div><\/div><\/div><\/div><\/div><\/a><div class=\"cz_gap clr \" style=\"height: 22px\"><\/div>[\/vc_column][\/vc_row][vc_row css=&#8221;.vc_custom_1601630962480{padding-top: 4vh !important;padding-bottom: 6vh !important;}&#8221;][vc_column]<div id=\"cz_72715\" class=\"cz_72715 cz_title clr cz_mobile_text_center cz_title_pos_inline tac\"><div class=\"cz_title_content\"><div class=\"cz_wpe_content\"><h2 style=\"text-align: center;\"><span style=\"color: #00c5c6;\">Z vetrom v laseh razi\u0161\u010dite Bov\u0161ko in So\u0161ko dolino &#8211; in ne skrbite za parkiranje &#8211; z E-pogonom lahko greste dlje. <\/span><\/h2>\n<\/div><\/div><\/div>[\/vc_column][\/vc_row][vc_row full_width=&#8221;stretch_row&#8221; css=&#8221;.vc_custom_1606423110045{padding-top: 4vh !important;padding-bottom: 6vh !important;}&#8221;][vc_column]<div class=\"cz_gap clr \" style=\"height: 50px\"><\/div><div id=\"cz_14835\" class=\"cz_14835 cz_title clr cz_mobile_text_center cz_title_pos_inline tac\"><div class=\"cz_title_content\"><div class=\"cz_wpe_content\"><h3 style=\"text-align: center;\">Foto galerija<\/h3>\n<\/div><\/div><\/div><div class=\"cz_gap clr \" style=\"height: 22px\"><\/div><div id=\"cz_38435\" class=\"cz_grid_p cz_38435\"><div class=\"cz_grid cz_grid_1 clr cz_grid_c5 cz_grid_1_no_title cz_grid_1_mid tac\"><div class=\"cz_grid_item cz_grid_first\"><\/div><div class=\"cz_grid_item \"><div><a class=\"cz_grid_link \" href=\"https:\/\/www.bovec-outdoor.com\/wp-content\/uploads\/2020\/11\/E-bike-avdentures-bovec-soca-river_03.jpg\" data-xtra-lightbox><img decoding=\"async\" class=\"\" src=\"https:\/\/www.bovec-outdoor.com\/wp-content\/uploads\/2020\/11\/E-bike-avdentures-bovec-soca-river_03-440x400.jpg\" width=\"440\" height=\"400\" alt=\"E-bike-avdentures-bovec-soca-river_03\" title=\"E-bike-avdentures-bovec-soca-river_03\" loading=\"lazy\" \/><div class=\"cz_grid_details\"><i class=\"fa fa-search cz_grid_icon\"><\/i><\/div><\/a><\/div><\/div><div class=\"cz_grid_item \"><div><a class=\"cz_grid_link \" href=\"https:\/\/www.bovec-outdoor.com\/wp-content\/uploads\/2020\/11\/E-bike-avdentures-bovec-soca-river_14.jpg\" data-xtra-lightbox><img decoding=\"async\" class=\"\" src=\"https:\/\/www.bovec-outdoor.com\/wp-content\/uploads\/2020\/11\/E-bike-avdentures-bovec-soca-river_14-440x400.jpg\" width=\"440\" height=\"400\" alt=\"E-bike-avdentures-bovec-soca-river_14\" title=\"E-bike-avdentures-bovec-soca-river_14\" loading=\"lazy\" \/><div class=\"cz_grid_details\"><i class=\"fa fa-search cz_grid_icon\"><\/i><\/div><\/a><\/div><\/div><div class=\"cz_grid_item \"><div><a class=\"cz_grid_link \" href=\"https:\/\/www.bovec-outdoor.com\/wp-content\/uploads\/2020\/11\/E-bike-avdentures-bovec-soca-river_16.jpg\" data-xtra-lightbox><img decoding=\"async\" class=\"\" src=\"https:\/\/www.bovec-outdoor.com\/wp-content\/uploads\/2020\/11\/E-bike-avdentures-bovec-soca-river_16-440x400.jpg\" width=\"440\" height=\"400\" alt=\"E-bike-avdentures-bovec-soca-river_16\" title=\"E-bike-avdentures-bovec-soca-river_16\" loading=\"lazy\" \/><div class=\"cz_grid_details\"><i class=\"fa fa-search cz_grid_icon\"><\/i><\/div><\/a><\/div><\/div><div class=\"cz_grid_item \"><div><a class=\"cz_grid_link \" href=\"https:\/\/www.bovec-outdoor.com\/wp-content\/uploads\/2020\/11\/w-bike-trips-ww1-soca-top.jpg\" data-xtra-lightbox><img decoding=\"async\" class=\"\" src=\"https:\/\/www.bovec-outdoor.com\/wp-content\/uploads\/2020\/11\/w-bike-trips-ww1-soca-top-440x400.jpg\" width=\"440\" height=\"400\" alt=\"E-Bike tour \u2013 in the footsteps of 1.st world war by bycicle and on foot\" title=\"E-Bike tour \u2013 in the footsteps of 1.st world war by bycicle and on foot\" loading=\"lazy\" \/><div class=\"cz_grid_details\"><i class=\"fa fa-search cz_grid_icon\"><\/i><\/div><\/a><\/div><\/div><div class=\"cz_grid_item \"><div><a class=\"cz_grid_link \" href=\"https:\/\/www.bovec-outdoor.com\/wp-content\/uploads\/2020\/11\/e-bike-tour-soca-river-06.jpg\" data-xtra-lightbox><img decoding=\"async\" class=\"\" src=\"https:\/\/www.bovec-outdoor.com\/wp-content\/uploads\/2020\/11\/e-bike-tour-soca-river-06-440x400.jpg\" width=\"440\" height=\"400\" alt=\"e-bike-tour-soca-river-06\" title=\"e-bike-tour-soca-river-06\" loading=\"lazy\" \/><div class=\"cz_grid_details\"><i class=\"fa fa-search cz_grid_icon\"><\/i><\/div><\/a><\/div><\/div><div class=\"cz_grid_item \"><div><a class=\"cz_grid_link \" href=\"https:\/\/www.bovec-outdoor.com\/wp-content\/uploads\/2020\/11\/e-bike-tour-soca-river-top2.jpg\" data-xtra-lightbox><img decoding=\"async\" class=\"\" src=\"https:\/\/www.bovec-outdoor.com\/wp-content\/uploads\/2020\/11\/e-bike-tour-soca-river-top2-440x400.jpg\" width=\"440\" height=\"400\" alt=\"E-Bike tour - relaxed wandering from the source of the water to the source of life\" title=\"E-Bike tour - relaxed wandering from the source of the water to the source of life\" loading=\"lazy\" \/><div class=\"cz_grid_details\"><i class=\"fa fa-search cz_grid_icon\"><\/i><\/div><\/a><\/div><\/div><div class=\"cz_grid_item \"><div><a class=\"cz_grid_link \" href=\"https:\/\/www.bovec-outdoor.com\/wp-content\/uploads\/2020\/11\/e-bike-best-spots-in-soca-valley-16.jpg\" data-xtra-lightbox><img decoding=\"async\" class=\"\" src=\"https:\/\/www.bovec-outdoor.com\/wp-content\/uploads\/2020\/11\/e-bike-best-spots-in-soca-valley-16-440x400.jpg\" width=\"440\" height=\"400\" alt=\"E-Bike tour \u2013 spend the perfect day of your active vacation\" title=\"E-Bike tour \u2013 spend the perfect day of your active vacation\" loading=\"lazy\" \/><div class=\"cz_grid_details\"><i class=\"fa fa-search cz_grid_icon\"><\/i><\/div><\/a><\/div><\/div><div class=\"cz_grid_item \"><div><a class=\"cz_grid_link \" href=\"https:\/\/www.bovec-outdoor.com\/wp-content\/uploads\/2020\/11\/e-bike-best-spots-in-soca-valley-20.jpg\" data-xtra-lightbox><img decoding=\"async\" class=\"\" src=\"https:\/\/www.bovec-outdoor.com\/wp-content\/uploads\/2020\/11\/e-bike-best-spots-in-soca-valley-20-440x400.jpg\" width=\"440\" height=\"400\" alt=\"e-bike-best-spots-in-soca-valley-20\" title=\"e-bike-best-spots-in-soca-valley-20\" loading=\"lazy\" \/><div class=\"cz_grid_details\"><i class=\"fa fa-search cz_grid_icon\"><\/i><\/div><\/a><\/div><\/div><div class=\"cz_grid_item \"><div><a class=\"cz_grid_link \" href=\"https:\/\/www.bovec-outdoor.com\/wp-content\/uploads\/2020\/11\/e-bike-best-spots-in-soca-valley-19.jpg\" data-xtra-lightbox><img decoding=\"async\" class=\"\" src=\"https:\/\/www.bovec-outdoor.com\/wp-content\/uploads\/2020\/11\/e-bike-best-spots-in-soca-valley-19-440x400.jpg\" width=\"440\" height=\"400\" alt=\"e-bike-best-spots-in-soca-valley-19\" title=\"e-bike-best-spots-in-soca-valley-19\" loading=\"lazy\" \/><div class=\"cz_grid_details\"><i class=\"fa fa-search cz_grid_icon\"><\/i><\/div><\/a><\/div><\/div><div class=\"cz_grid_item \"><div><a class=\"cz_grid_link \" href=\"https:\/\/www.bovec-outdoor.com\/wp-content\/uploads\/2020\/11\/e-bike-best-spots-in-soca-valley-17.jpg\" data-xtra-lightbox><img decoding=\"async\" class=\"\" src=\"https:\/\/www.bovec-outdoor.com\/wp-content\/uploads\/2020\/11\/e-bike-best-spots-in-soca-valley-17-440x400.jpg\" width=\"440\" height=\"400\" alt=\"e-bike-best-spots-in-soca-valley-17\" title=\"e-bike-best-spots-in-soca-valley-17\" loading=\"lazy\" \/><div class=\"cz_grid_details\"><i class=\"fa fa-search cz_grid_icon\"><\/i><\/div><\/a><\/div><\/div><\/div><\/div><div class=\"cz_gap clr \" style=\"height: 50px\"><\/div>[\/vc_column][\/vc_row]<\/p>\n<\/div>","protected":false},"excerpt":{"rendered":"<p>[vc_row full_width=&#8221;stretch_row&#8221; gap=&#8221;25&#8243; parallax=&#8221;content-moving&#8221; parallax_image=&#8221;1726&#8243; css=&#8221;.vc_custom_1606472175283{padding-top: 28vh !important;padding-bottom: 30vh !important;}&#8221;][vc_column][vc_row_inner][vc_column_inner width=&#8221;1\/6&#8243;][\/vc_column_inner][vc_column_inner &#8230; <\/p>\n","protected":false},"author":1,"featured_media":0,"parent":0,"menu_order":0,"comment_status":"closed","ping_status":"closed","template":"","meta":{"iawp_total_views":124,"footnotes":""},"class_list":["post-2499","page","type-page","status-publish","hentry"],"yoast_head":"<!-- This site is optimized with the Yoast SEO plugin v25.5 - https:\/\/yoast.com\/wordpress\/plugins\/seo\/ -->\n<title>E-bike - Bovec Outdoor Guides<\/title>\n<meta name=\"robots\" content=\"index, follow, max-snippet:-1, max-image-preview:large, max-video-preview:-1\" \/>\n<link rel=\"canonical\" href=\"https:\/\/www.bovec-outdoor.com\/sl\/e-bike\/\" \/>\n<meta property=\"og:locale\" content=\"sl_SI\" \/>\n<meta property=\"og:type\" content=\"article\" \/>\n<meta property=\"og:title\" content=\"E-bike - Bovec Outdoor Guides\" \/>\n<meta property=\"og:description\" content=\"[vc_row full_width=&#8221;stretch_row&#8221; gap=&#8221;25&#8243; parallax=&#8221;content-moving&#8221; parallax_image=&#8221;1726&#8243; css=&#8221;.vc_custom_1606472175283{padding-top: 28vh !important;padding-bottom: 30vh !important;}&#8221;][vc_column][vc_row_inner][vc_column_inner width=&#8221;1\/6&#8243;][\/vc_column_inner][vc_column_inner ...\" \/>\n<meta property=\"og:url\" content=\"https:\/\/www.bovec-outdoor.com\/sl\/e-bike\/\" \/>\n<meta property=\"og:site_name\" content=\"Bovec Outdoor Guides\" \/>\n<meta property=\"article:publisher\" content=\"https:\/\/www.facebook.com\/profile.php?id=100063759415623\" \/>\n<meta property=\"article:modified_time\" content=\"2021-05-30T10:37:42+00:00\" \/>\n<meta property=\"og:image\" content=\"https:\/\/www.bovec-outdoor.com\/wp-content\/uploads\/2023\/09\/soca-river.jpg\" \/>\n\t<meta property=\"og:image:width\" content=\"1920\" \/>\n\t<meta property=\"og:image:height\" content=\"1281\" \/>\n\t<meta property=\"og:image:type\" content=\"image\/jpeg\" \/>\n<meta name=\"twitter:card\" content=\"summary_large_image\" \/>\n<meta name=\"twitter:label1\" content=\"Est. reading time\" \/>\n\t<meta name=\"twitter:data1\" content=\"1 minuta\" \/>\n<script type=\"application\/ld+json\" class=\"yoast-schema-graph\">{\"@context\":\"https:\/\/schema.org\",\"@graph\":[{\"@type\":\"WebPage\",\"@id\":\"https:\/\/www.bovec-outdoor.com\/sl\/e-bike\/\",\"url\":\"https:\/\/www.bovec-outdoor.com\/sl\/e-bike\/\",\"name\":\"E-bike - Bovec Outdoor Guides\",\"isPartOf\":{\"@id\":\"https:\/\/www.bovec-outdoor.com\/sl\/#website\"},\"datePublished\":\"2020-11-27T10:12:25+00:00\",\"dateModified\":\"2021-05-30T10:37:42+00:00\",\"breadcrumb\":{\"@id\":\"https:\/\/www.bovec-outdoor.com\/sl\/e-bike\/#breadcrumb\"},\"inLanguage\":\"sl-SI\",\"potentialAction\":[{\"@type\":\"ReadAction\",\"target\":[\"https:\/\/www.bovec-outdoor.com\/sl\/e-bike\/\"]}]},{\"@type\":\"BreadcrumbList\",\"@id\":\"https:\/\/www.bovec-outdoor.com\/sl\/e-bike\/#breadcrumb\",\"itemListElement\":[{\"@type\":\"ListItem\",\"position\":1,\"name\":\"Home\",\"item\":\"https:\/\/www.bovec-outdoor.com\/sl\/\"},{\"@type\":\"ListItem\",\"position\":2,\"name\":\"E-bike\"}]},{\"@type\":\"WebSite\",\"@id\":\"https:\/\/www.bovec-outdoor.com\/sl\/#website\",\"url\":\"https:\/\/www.bovec-outdoor.com\/sl\/\",\"name\":\"Bovec Outdoor Guides\",\"description\":\"DISCOVER VALLEY THAT STIRS YOUR SOUL\",\"publisher\":{\"@id\":\"https:\/\/www.bovec-outdoor.com\/sl\/#organization\"},\"potentialAction\":[{\"@type\":\"SearchAction\",\"target\":{\"@type\":\"EntryPoint\",\"urlTemplate\":\"https:\/\/www.bovec-outdoor.com\/sl\/?s={search_term_string}\"},\"query-input\":{\"@type\":\"PropertyValueSpecification\",\"valueRequired\":true,\"valueName\":\"search_term_string\"}}],\"inLanguage\":\"sl-SI\"},{\"@type\":\"Organization\",\"@id\":\"https:\/\/www.bovec-outdoor.com\/sl\/#organization\",\"name\":\"\u0160portne aktivnosti, Marko Belingar s.p. Cesta IX.Korpusa 75, 5250 Solkan, SI \u2013 SLOVENIA\",\"alternateName\":\"Bovec Outdoor Guides\",\"url\":\"https:\/\/www.bovec-outdoor.com\/sl\/\",\"logo\":{\"@type\":\"ImageObject\",\"inLanguage\":\"sl-SI\",\"@id\":\"https:\/\/www.bovec-outdoor.com\/sl\/#\/schema\/logo\/image\/\",\"url\":\"http:\/\/www.bovec-outdoor.com\/wp-content\/uploads\/2023\/09\/soca-river.jpg\",\"contentUrl\":\"http:\/\/www.bovec-outdoor.com\/wp-content\/uploads\/2023\/09\/soca-river.jpg\",\"width\":1920,\"height\":1281,\"caption\":\"\u0160portne aktivnosti, Marko Belingar s.p. Cesta IX.Korpusa 75, 5250 Solkan, SI \u2013 SLOVENIA\"},\"image\":{\"@id\":\"https:\/\/www.bovec-outdoor.com\/sl\/#\/schema\/logo\/image\/\"},\"sameAs\":[\"https:\/\/www.facebook.com\/profile.php?id=100063759415623\"]}]}<\/script>\n<!-- \/ Yoast SEO plugin. -->","yoast_head_json":{"title":"E-bike - Bovec Outdoor Guides","robots":{"index":"index","follow":"follow","max-snippet":"max-snippet:-1","max-image-preview":"max-image-preview:large","max-video-preview":"max-video-preview:-1"},"canonical":"https:\/\/www.bovec-outdoor.com\/sl\/e-bike\/","og_locale":"sl_SI","og_type":"article","og_title":"E-bike - Bovec Outdoor Guides","og_description":"[vc_row full_width=&#8221;stretch_row&#8221; gap=&#8221;25&#8243; parallax=&#8221;content-moving&#8221; parallax_image=&#8221;1726&#8243; css=&#8221;.vc_custom_1606472175283{padding-top: 28vh !important;padding-bottom: 30vh !important;}&#8221;][vc_column][vc_row_inner][vc_column_inner width=&#8221;1\/6&#8243;][\/vc_column_inner][vc_column_inner ...","og_url":"https:\/\/www.bovec-outdoor.com\/sl\/e-bike\/","og_site_name":"Bovec Outdoor Guides","article_publisher":"https:\/\/www.facebook.com\/profile.php?id=100063759415623","article_modified_time":"2021-05-30T10:37:42+00:00","og_image":[{"width":1920,"height":1281,"url":"https:\/\/www.bovec-outdoor.com\/wp-content\/uploads\/2023\/09\/soca-river.jpg","type":"image\/jpeg"}],"twitter_card":"summary_large_image","twitter_misc":{"Est. reading time":"1 minuta"},"schema":{"@context":"https:\/\/schema.org","@graph":[{"@type":"WebPage","@id":"https:\/\/www.bovec-outdoor.com\/sl\/e-bike\/","url":"https:\/\/www.bovec-outdoor.com\/sl\/e-bike\/","name":"E-bike - Bovec Outdoor Guides","isPartOf":{"@id":"https:\/\/www.bovec-outdoor.com\/sl\/#website"},"datePublished":"2020-11-27T10:12:25+00:00","dateModified":"2021-05-30T10:37:42+00:00","breadcrumb":{"@id":"https:\/\/www.bovec-outdoor.com\/sl\/e-bike\/#breadcrumb"},"inLanguage":"sl-SI","potentialAction":[{"@type":"ReadAction","target":["https:\/\/www.bovec-outdoor.com\/sl\/e-bike\/"]}]},{"@type":"BreadcrumbList","@id":"https:\/\/www.bovec-outdoor.com\/sl\/e-bike\/#breadcrumb","itemListElement":[{"@type":"ListItem","position":1,"name":"Home","item":"https:\/\/www.bovec-outdoor.com\/sl\/"},{"@type":"ListItem","position":2,"name":"E-bike"}]},{"@type":"WebSite","@id":"https:\/\/www.bovec-outdoor.com\/sl\/#website","url":"https:\/\/www.bovec-outdoor.com\/sl\/","name":"Bovec Outdoor Guides","description":"DISCOVER VALLEY THAT STIRS YOUR SOUL","publisher":{"@id":"https:\/\/www.bovec-outdoor.com\/sl\/#organization"},"potentialAction":[{"@type":"SearchAction","target":{"@type":"EntryPoint","urlTemplate":"https:\/\/www.bovec-outdoor.com\/sl\/?s={search_term_string}"},"query-input":{"@type":"PropertyValueSpecification","valueRequired":true,"valueName":"search_term_string"}}],"inLanguage":"sl-SI"},{"@type":"Organization","@id":"https:\/\/www.bovec-outdoor.com\/sl\/#organization","name":"\u0160portne aktivnosti, Marko Belingar s.p. Cesta IX.Korpusa 75, 5250 Solkan, SI \u2013 SLOVENIA","alternateName":"Bovec Outdoor Guides","url":"https:\/\/www.bovec-outdoor.com\/sl\/","logo":{"@type":"ImageObject","inLanguage":"sl-SI","@id":"https:\/\/www.bovec-outdoor.com\/sl\/#\/schema\/logo\/image\/","url":"http:\/\/www.bovec-outdoor.com\/wp-content\/uploads\/2023\/09\/soca-river.jpg","contentUrl":"http:\/\/www.bovec-outdoor.com\/wp-content\/uploads\/2023\/09\/soca-river.jpg","width":1920,"height":1281,"caption":"\u0160portne aktivnosti, Marko Belingar s.p. Cesta IX.Korpusa 75, 5250 Solkan, SI \u2013 SLOVENIA"},"image":{"@id":"https:\/\/www.bovec-outdoor.com\/sl\/#\/schema\/logo\/image\/"},"sameAs":["https:\/\/www.facebook.com\/profile.php?id=100063759415623"]}]}},"_links":{"self":[{"href":"https:\/\/www.bovec-outdoor.com\/sl\/wp-json\/wp\/v2\/pages\/2499","targetHints":{"allow":["GET"]}}],"collection":[{"href":"https:\/\/www.bovec-outdoor.com\/sl\/wp-json\/wp\/v2\/pages"}],"about":[{"href":"https:\/\/www.bovec-outdoor.com\/sl\/wp-json\/wp\/v2\/types\/page"}],"author":[{"embeddable":true,"href":"https:\/\/www.bovec-outdoor.com\/sl\/wp-json\/wp\/v2\/users\/1"}],"replies":[{"embeddable":true,"href":"https:\/\/www.bovec-outdoor.com\/sl\/wp-json\/wp\/v2\/comments?post=2499"}],"version-history":[{"count":7,"href":"https:\/\/www.bovec-outdoor.com\/sl\/wp-json\/wp\/v2\/pages\/2499\/revisions"}],"predecessor-version":[{"id":2631,"href":"https:\/\/www.bovec-outdoor.com\/sl\/wp-json\/wp\/v2\/pages\/2499\/revisions\/2631"}],"wp:attachment":[{"href":"https:\/\/www.bovec-outdoor.com\/sl\/wp-json\/wp\/v2\/media?parent=2499"}],"curies":[{"name":"wp","href":"https:\/\/api.w.org\/{rel}","templated":true}]}}