{"id":2460,"date":"2020-12-19T10:28:04","date_gmt":"2020-12-19T10:28:04","guid":{"rendered":"http:\/\/www.bovec-outdoor.com\/privacy-center\/dpo-contact\/"},"modified":"2020-12-29T09:20:48","modified_gmt":"2020-12-29T09:20:48","slug":"dpo-contact","status":"publish","type":"page","link":"https:\/\/www.bovec-outdoor.com\/sl\/privacy-center\/dpo-contact\/","title":{"rendered":"DPO contact"},"content":{"rendered":"\n<a class=\"wordpress-gdpr-back-link\" href=\"https:\/\/www.bovec-outdoor.com\/privacy-center\/\">&larr; Vrnite se na center zasebnosti<\/a><form action=\"\/sl\/wp-json\/wp\/v2\/pages\/2460\" class=\"wordpress-gdpr-form wordpress-gdpr-form-contact-dpo\" method=\"post\"><input type=\"hidden\" name=\"wordpress_gdpr_form_type\" value=\"contact-dpo\"><div class=\"form-group\"><label for=\"gdpr_firstname\">Va\u0161e ime (*)<\/label><input class=\"form-control\" type=\"text\" name=\"gdpr_firstname\" value=\"\" required \/><\/div><div class=\"form-group\"><label for=\"gdpr_lastname\">Va\u0161 priimek (*)<\/label><input class=\"form-control\" type=\"text\" name=\"gdpr_lastname\" value=\"\" required \/><\/div><div class=\"form-group\"><label for=\"gdpr_email\">Va\u0161a E-po\u0161ta (*)<\/label><input class=\"form-control\" type=\"email\" name=\"gdpr_email\" value=\"\" required \/><\/div><div class=\"form-group\"><label for=\"gdpr_message\">Sporo\u010dilo (*)<\/label><textarea class=\"form-control\" name=\"gdpr_message\" required \/><\/textarea><\/div><div class=\"form-group\"><label for=\"gdpr_terms\"><input id=\"gdpr_terms\" class=\"form-control\" type=\"checkbox\" name=\"gdpr_terms\" value=\"1\" required \/><span class=\"gdpr-accept-conditiones-text\">I agree to the privacy policy and that my data will be stored for this GDPR request .<\/span><\/label><\/div><input type=\"submit\" name=\"gdpr_submitted\" value=\"Po\u0161lji\"\/><\/form>\n","protected":false},"excerpt":{"rendered":"&larr; Vrnite se na center zasebnostiVa\u0161e ime (*)Va\u0161 priimek (*)Va\u0161a E-po\u0161ta (*)Sporo\u010dilo (*)I agree to the privacy policy and that","protected":false},"author":1,"featured_media":0,"parent":2458,"menu_order":0,"comment_status":"closed","ping_status":"closed","template":"","meta":{"iawp_total_views":1,"footnotes":""},"class_list":["post-2460","page","type-page","status-publish","hentry"],"yoast_head":"<!-- This site is optimized with the Yoast SEO plugin v25.5 - https:\/\/yoast.com\/wordpress\/plugins\/seo\/ -->\n<title>DPO contact - Bovec Outdoor Guides<\/title>\n<meta name=\"robots\" content=\"index, follow, max-snippet:-1, max-image-preview:large, max-video-preview:-1\" \/>\n<link rel=\"canonical\" href=\"https:\/\/www.bovec-outdoor.com\/sl\/privacy-center\/dpo-contact\/\" \/>\n<meta property=\"og:locale\" content=\"sl_SI\" \/>\n<meta property=\"og:type\" content=\"article\" \/>\n<meta property=\"og:title\" content=\"DPO contact - Bovec Outdoor Guides\" \/>\n<meta property=\"og:url\" content=\"https:\/\/www.bovec-outdoor.com\/sl\/privacy-center\/dpo-contact\/\" \/>\n<meta property=\"og:site_name\" content=\"Bovec Outdoor Guides\" \/>\n<meta property=\"article:publisher\" content=\"https:\/\/www.facebook.com\/profile.php?id=100063759415623\" \/>\n<meta property=\"article:modified_time\" content=\"2020-12-29T09:20:48+00:00\" \/>\n<meta property=\"og:image\" content=\"https:\/\/www.bovec-outdoor.com\/wp-content\/uploads\/2023\/09\/soca-river.jpg\" \/>\n\t<meta property=\"og:image:width\" content=\"1920\" \/>\n\t<meta property=\"og:image:height\" content=\"1281\" \/>\n\t<meta property=\"og:image:type\" content=\"image\/jpeg\" \/>\n<meta name=\"twitter:card\" content=\"summary_large_image\" \/>\n<script type=\"application\/ld+json\" class=\"yoast-schema-graph\">{\"@context\":\"https:\/\/schema.org\",\"@graph\":[{\"@type\":\"WebPage\",\"@id\":\"https:\/\/www.bovec-outdoor.com\/sl\/privacy-center\/dpo-contact\/\",\"url\":\"https:\/\/www.bovec-outdoor.com\/sl\/privacy-center\/dpo-contact\/\",\"name\":\"DPO contact - Bovec Outdoor Guides\",\"isPartOf\":{\"@id\":\"https:\/\/www.bovec-outdoor.com\/sl\/#website\"},\"datePublished\":\"2020-12-19T10:28:04+00:00\",\"dateModified\":\"2020-12-29T09:20:48+00:00\",\"breadcrumb\":{\"@id\":\"https:\/\/www.bovec-outdoor.com\/sl\/privacy-center\/dpo-contact\/#breadcrumb\"},\"inLanguage\":\"sl-SI\",\"potentialAction\":[{\"@type\":\"ReadAction\",\"target\":[\"https:\/\/www.bovec-outdoor.com\/sl\/privacy-center\/dpo-contact\/\"]}]},{\"@type\":\"BreadcrumbList\",\"@id\":\"https:\/\/www.bovec-outdoor.com\/sl\/privacy-center\/dpo-contact\/#breadcrumb\",\"itemListElement\":[{\"@type\":\"ListItem\",\"position\":1,\"name\":\"Home\",\"item\":\"https:\/\/www.bovec-outdoor.com\/sl\/\"},{\"@type\":\"ListItem\",\"position\":2,\"name\":\"Privacy center\",\"item\":\"https:\/\/www.bovec-outdoor.com\/sl\/privacy-center\/\"},{\"@type\":\"ListItem\",\"position\":3,\"name\":\"DPO contact\"}]},{\"@type\":\"WebSite\",\"@id\":\"https:\/\/www.bovec-outdoor.com\/sl\/#website\",\"url\":\"https:\/\/www.bovec-outdoor.com\/sl\/\",\"name\":\"Bovec Outdoor Guides\",\"description\":\"DISCOVER VALLEY THAT STIRS YOUR SOUL\",\"publisher\":{\"@id\":\"https:\/\/www.bovec-outdoor.com\/sl\/#organization\"},\"potentialAction\":[{\"@type\":\"SearchAction\",\"target\":{\"@type\":\"EntryPoint\",\"urlTemplate\":\"https:\/\/www.bovec-outdoor.com\/sl\/?s={search_term_string}\"},\"query-input\":{\"@type\":\"PropertyValueSpecification\",\"valueRequired\":true,\"valueName\":\"search_term_string\"}}],\"inLanguage\":\"sl-SI\"},{\"@type\":\"Organization\",\"@id\":\"https:\/\/www.bovec-outdoor.com\/sl\/#organization\",\"name\":\"\u0160portne aktivnosti, Marko Belingar s.p. Cesta IX.Korpusa 75, 5250 Solkan, SI \u2013 SLOVENIA\",\"alternateName\":\"Bovec Outdoor Guides\",\"url\":\"https:\/\/www.bovec-outdoor.com\/sl\/\",\"logo\":{\"@type\":\"ImageObject\",\"inLanguage\":\"sl-SI\",\"@id\":\"https:\/\/www.bovec-outdoor.com\/sl\/#\/schema\/logo\/image\/\",\"url\":\"http:\/\/www.bovec-outdoor.com\/wp-content\/uploads\/2023\/09\/soca-river.jpg\",\"contentUrl\":\"http:\/\/www.bovec-outdoor.com\/wp-content\/uploads\/2023\/09\/soca-river.jpg\",\"width\":1920,\"height\":1281,\"caption\":\"\u0160portne aktivnosti, Marko Belingar s.p. Cesta IX.Korpusa 75, 5250 Solkan, SI \u2013 SLOVENIA\"},\"image\":{\"@id\":\"https:\/\/www.bovec-outdoor.com\/sl\/#\/schema\/logo\/image\/\"},\"sameAs\":[\"https:\/\/www.facebook.com\/profile.php?id=100063759415623\"]}]}<\/script>\n<!-- \/ Yoast SEO plugin. -->","yoast_head_json":{"title":"DPO contact - Bovec Outdoor Guides","robots":{"index":"index","follow":"follow","max-snippet":"max-snippet:-1","max-image-preview":"max-image-preview:large","max-video-preview":"max-video-preview:-1"},"canonical":"https:\/\/www.bovec-outdoor.com\/sl\/privacy-center\/dpo-contact\/","og_locale":"sl_SI","og_type":"article","og_title":"DPO contact - Bovec Outdoor Guides","og_url":"https:\/\/www.bovec-outdoor.com\/sl\/privacy-center\/dpo-contact\/","og_site_name":"Bovec Outdoor Guides","article_publisher":"https:\/\/www.facebook.com\/profile.php?id=100063759415623","article_modified_time":"2020-12-29T09:20:48+00:00","og_image":[{"width":1920,"height":1281,"url":"https:\/\/www.bovec-outdoor.com\/wp-content\/uploads\/2023\/09\/soca-river.jpg","type":"image\/jpeg"}],"twitter_card":"summary_large_image","schema":{"@context":"https:\/\/schema.org","@graph":[{"@type":"WebPage","@id":"https:\/\/www.bovec-outdoor.com\/sl\/privacy-center\/dpo-contact\/","url":"https:\/\/www.bovec-outdoor.com\/sl\/privacy-center\/dpo-contact\/","name":"DPO contact - Bovec Outdoor Guides","isPartOf":{"@id":"https:\/\/www.bovec-outdoor.com\/sl\/#website"},"datePublished":"2020-12-19T10:28:04+00:00","dateModified":"2020-12-29T09:20:48+00:00","breadcrumb":{"@id":"https:\/\/www.bovec-outdoor.com\/sl\/privacy-center\/dpo-contact\/#breadcrumb"},"inLanguage":"sl-SI","potentialAction":[{"@type":"ReadAction","target":["https:\/\/www.bovec-outdoor.com\/sl\/privacy-center\/dpo-contact\/"]}]},{"@type":"BreadcrumbList","@id":"https:\/\/www.bovec-outdoor.com\/sl\/privacy-center\/dpo-contact\/#breadcrumb","itemListElement":[{"@type":"ListItem","position":1,"name":"Home","item":"https:\/\/www.bovec-outdoor.com\/sl\/"},{"@type":"ListItem","position":2,"name":"Privacy center","item":"https:\/\/www.bovec-outdoor.com\/sl\/privacy-center\/"},{"@type":"ListItem","position":3,"name":"DPO contact"}]},{"@type":"WebSite","@id":"https:\/\/www.bovec-outdoor.com\/sl\/#website","url":"https:\/\/www.bovec-outdoor.com\/sl\/","name":"Bovec Outdoor Guides","description":"DISCOVER VALLEY THAT STIRS YOUR SOUL","publisher":{"@id":"https:\/\/www.bovec-outdoor.com\/sl\/#organization"},"potentialAction":[{"@type":"SearchAction","target":{"@type":"EntryPoint","urlTemplate":"https:\/\/www.bovec-outdoor.com\/sl\/?s={search_term_string}"},"query-input":{"@type":"PropertyValueSpecification","valueRequired":true,"valueName":"search_term_string"}}],"inLanguage":"sl-SI"},{"@type":"Organization","@id":"https:\/\/www.bovec-outdoor.com\/sl\/#organization","name":"\u0160portne aktivnosti, Marko Belingar s.p. Cesta IX.Korpusa 75, 5250 Solkan, SI \u2013 SLOVENIA","alternateName":"Bovec Outdoor Guides","url":"https:\/\/www.bovec-outdoor.com\/sl\/","logo":{"@type":"ImageObject","inLanguage":"sl-SI","@id":"https:\/\/www.bovec-outdoor.com\/sl\/#\/schema\/logo\/image\/","url":"http:\/\/www.bovec-outdoor.com\/wp-content\/uploads\/2023\/09\/soca-river.jpg","contentUrl":"http:\/\/www.bovec-outdoor.com\/wp-content\/uploads\/2023\/09\/soca-river.jpg","width":1920,"height":1281,"caption":"\u0160portne aktivnosti, Marko Belingar s.p. Cesta IX.Korpusa 75, 5250 Solkan, SI \u2013 SLOVENIA"},"image":{"@id":"https:\/\/www.bovec-outdoor.com\/sl\/#\/schema\/logo\/image\/"},"sameAs":["https:\/\/www.facebook.com\/profile.php?id=100063759415623"]}]}},"_links":{"self":[{"href":"https:\/\/www.bovec-outdoor.com\/sl\/wp-json\/wp\/v2\/pages\/2460","targetHints":{"allow":["GET"]}}],"collection":[{"href":"https:\/\/www.bovec-outdoor.com\/sl\/wp-json\/wp\/v2\/pages"}],"about":[{"href":"https:\/\/www.bovec-outdoor.com\/sl\/wp-json\/wp\/v2\/types\/page"}],"author":[{"embeddable":true,"href":"https:\/\/www.bovec-outdoor.com\/sl\/wp-json\/wp\/v2\/users\/1"}],"replies":[{"embeddable":true,"href":"https:\/\/www.bovec-outdoor.com\/sl\/wp-json\/wp\/v2\/comments?post=2460"}],"version-history":[{"count":1,"href":"https:\/\/www.bovec-outdoor.com\/sl\/wp-json\/wp\/v2\/pages\/2460\/revisions"}],"predecessor-version":[{"id":2461,"href":"https:\/\/www.bovec-outdoor.com\/sl\/wp-json\/wp\/v2\/pages\/2460\/revisions\/2461"}],"up":[{"embeddable":true,"href":"https:\/\/www.bovec-outdoor.com\/sl\/wp-json\/wp\/v2\/pages\/2458"}],"wp:attachment":[{"href":"https:\/\/www.bovec-outdoor.com\/sl\/wp-json\/wp\/v2\/media?parent=2460"}],"curies":[{"name":"wp","href":"https:\/\/api.w.org\/{rel}","templated":true}]}}