{"id":2458,"date":"2020-12-19T10:26:51","date_gmt":"2020-12-19T10:26:51","guid":{"rendered":"http:\/\/www.bovec-outdoor.com\/privacy-center\/"},"modified":"2020-12-29T09:18:05","modified_gmt":"2020-12-29T09:18:05","slug":"privacy-center","status":"publish","type":"page","link":"https:\/\/www.bovec-outdoor.com\/sl\/privacy-center\/","title":{"rendered":"Privacy center"},"content":{"rendered":"\n<div class=\"wordpress-gdpr-privacy-center\"><div class=\"wordpress-gdpr-privacy-center-items\"><a href=\"https:\/\/www.bovec-outdoor.com\/privacy-center\/dpo-contact\/\" class=\"wordpress-gdpr-privacy-center-item\"><div class=\"wordpress-gdpr-privacy-center-item-contactDPO\"><i class=\"fa fa-user-circle-o\"><\/i><h2 class=\"wordpress-gdpr-privacy-center-item-headline\">DPO Kontakt<\/h2><p class=\"wordpress-gdpr-privacy-center-item-desc\">Kontaktirajte osebo zadol\u017eeno za va\u0161e podatke.<\/p><div class=\"wordpress-gdpr-privacy-center-item-action\">Preberi ve\u010d<\/div><\/div><\/a><a href=\"https:\/\/www.bovec-outdoor.com\/privacy-center\/forget-me\/\" class=\"wordpress-gdpr-privacy-center-item\"><div class=\"wordpress-gdpr-privacy-center-item-forgetMe\"><i class=\"fa fa-eraser\"><\/i><h2 class=\"wordpress-gdpr-privacy-center-item-headline\">Izbris mojih podatkov<\/h2><p class=\"wordpress-gdpr-privacy-center-item-desc\">Po\u0161ljite zahtevek za izbris va\u0161ih osebnih podatkov.<\/p><div class=\"wordpress-gdpr-privacy-center-item-action\">Preberi ve\u010d<\/div><\/div><\/a><a href=\"https:\/\/www.bovec-outdoor.com\/impressum\/\" class=\"wordpress-gdpr-privacy-center-item wordpress-gdpr-privacy-center-item-last\"><div class=\"wordpress-gdpr-privacy-center-item-imprint\"><i class=\"fa fa-file-text-o\"><\/i><h2 class=\"wordpress-gdpr-privacy-center-item-headline\">Imprint<\/h2><p class=\"wordpress-gdpr-privacy-center-item-desc\">Preberite ve\u010d o lastni\u0161tvu in avtorstvu.<\/p><div class=\"wordpress-gdpr-privacy-center-item-action\">Preberi ve\u010d<\/div><\/div><\/a><a href=\"https:\/\/www.bovec-outdoor.com\/privacy-policy\/\" class=\"wordpress-gdpr-privacy-center-item\"><div class=\"wordpress-gdpr-privacy-center-item-privacyPolicy\"><i class=\"fa fa-file-text\"><\/i><h2 class=\"wordpress-gdpr-privacy-center-item-headline\">Politika zasebnosti<\/h2><p class=\"wordpress-gdpr-privacy-center-item-desc\">Pravilnik zasebnosti na na\u0161i spletni strani.<\/p><div class=\"wordpress-gdpr-privacy-center-item-action\">Preberi ve\u010d<\/div><\/div><\/a><a href=\"#\" class=\"wordpress-gdpr-privacy-center-item wordpress-gdpr-open-privacy-settings-modal\"><div class=\"wordpress-gdpr-privacy-center-item-privacySettings\"><i class=\"fa fa-user-secret\"><\/i><h2 class=\"wordpress-gdpr-privacy-center-item-headline\">Nastavitve zasebnosti<\/h2><p class=\"wordpress-gdpr-privacy-center-item-desc\">Tukaj konfigurirajte svoje osebne nastavitve zasebnosti.<\/p><div class=\"wordpress-gdpr-privacy-center-item-action\">Preberi ve\u010d<\/div><\/div><\/a><\/div><\/div>\n","protected":false},"excerpt":{"rendered":"DPO KontaktKontaktirajte osebo zadol\u017eeno za va\u0161e podatke.Preberi ve\u010dIzbris mojih podatkovPo\u0161ljite zahtevek za izbris va\u0161ih osebnih podatkov.Preberi ve\u010dImprintPreberite ve\u010d o lastni\u0161tvu","protected":false},"author":1,"featured_media":0,"parent":0,"menu_order":0,"comment_status":"closed","ping_status":"closed","template":"","meta":{"iawp_total_views":3,"footnotes":""},"class_list":["post-2458","page","type-page","status-publish","hentry"],"yoast_head":"<!-- This site is optimized with the Yoast SEO plugin v25.5 - https:\/\/yoast.com\/wordpress\/plugins\/seo\/ -->\n<title>Privacy center - Bovec Outdoor Guides<\/title>\n<meta name=\"robots\" content=\"index, follow, max-snippet:-1, max-image-preview:large, max-video-preview:-1\" \/>\n<link rel=\"canonical\" href=\"https:\/\/www.bovec-outdoor.com\/sl\/privacy-center\/\" \/>\n<meta property=\"og:locale\" content=\"sl_SI\" \/>\n<meta property=\"og:type\" content=\"article\" \/>\n<meta property=\"og:title\" content=\"Privacy center - Bovec Outdoor Guides\" \/>\n<meta property=\"og:url\" content=\"https:\/\/www.bovec-outdoor.com\/sl\/privacy-center\/\" \/>\n<meta property=\"og:site_name\" content=\"Bovec Outdoor Guides\" \/>\n<meta property=\"article:publisher\" content=\"https:\/\/www.facebook.com\/profile.php?id=100063759415623\" \/>\n<meta property=\"article:modified_time\" content=\"2020-12-29T09:18:05+00:00\" \/>\n<meta property=\"og:image\" content=\"https:\/\/www.bovec-outdoor.com\/wp-content\/uploads\/2023\/09\/soca-river.jpg\" \/>\n\t<meta property=\"og:image:width\" content=\"1920\" \/>\n\t<meta property=\"og:image:height\" content=\"1281\" \/>\n\t<meta property=\"og:image:type\" content=\"image\/jpeg\" \/>\n<meta name=\"twitter:card\" content=\"summary_large_image\" \/>\n<script type=\"application\/ld+json\" class=\"yoast-schema-graph\">{\"@context\":\"https:\/\/schema.org\",\"@graph\":[{\"@type\":\"WebPage\",\"@id\":\"https:\/\/www.bovec-outdoor.com\/sl\/privacy-center\/\",\"url\":\"https:\/\/www.bovec-outdoor.com\/sl\/privacy-center\/\",\"name\":\"Privacy center - Bovec Outdoor Guides\",\"isPartOf\":{\"@id\":\"https:\/\/www.bovec-outdoor.com\/sl\/#website\"},\"datePublished\":\"2020-12-19T10:26:51+00:00\",\"dateModified\":\"2020-12-29T09:18:05+00:00\",\"breadcrumb\":{\"@id\":\"https:\/\/www.bovec-outdoor.com\/sl\/privacy-center\/#breadcrumb\"},\"inLanguage\":\"sl-SI\",\"potentialAction\":[{\"@type\":\"ReadAction\",\"target\":[\"https:\/\/www.bovec-outdoor.com\/sl\/privacy-center\/\"]}]},{\"@type\":\"BreadcrumbList\",\"@id\":\"https:\/\/www.bovec-outdoor.com\/sl\/privacy-center\/#breadcrumb\",\"itemListElement\":[{\"@type\":\"ListItem\",\"position\":1,\"name\":\"Home\",\"item\":\"https:\/\/www.bovec-outdoor.com\/sl\/\"},{\"@type\":\"ListItem\",\"position\":2,\"name\":\"Privacy center\"}]},{\"@type\":\"WebSite\",\"@id\":\"https:\/\/www.bovec-outdoor.com\/sl\/#website\",\"url\":\"https:\/\/www.bovec-outdoor.com\/sl\/\",\"name\":\"Bovec Outdoor Guides\",\"description\":\"DISCOVER VALLEY THAT STIRS YOUR SOUL\",\"publisher\":{\"@id\":\"https:\/\/www.bovec-outdoor.com\/sl\/#organization\"},\"potentialAction\":[{\"@type\":\"SearchAction\",\"target\":{\"@type\":\"EntryPoint\",\"urlTemplate\":\"https:\/\/www.bovec-outdoor.com\/sl\/?s={search_term_string}\"},\"query-input\":{\"@type\":\"PropertyValueSpecification\",\"valueRequired\":true,\"valueName\":\"search_term_string\"}}],\"inLanguage\":\"sl-SI\"},{\"@type\":\"Organization\",\"@id\":\"https:\/\/www.bovec-outdoor.com\/sl\/#organization\",\"name\":\"\u0160portne aktivnosti, Marko Belingar s.p. Cesta IX.Korpusa 75, 5250 Solkan, SI \u2013 SLOVENIA\",\"alternateName\":\"Bovec Outdoor Guides\",\"url\":\"https:\/\/www.bovec-outdoor.com\/sl\/\",\"logo\":{\"@type\":\"ImageObject\",\"inLanguage\":\"sl-SI\",\"@id\":\"https:\/\/www.bovec-outdoor.com\/sl\/#\/schema\/logo\/image\/\",\"url\":\"http:\/\/www.bovec-outdoor.com\/wp-content\/uploads\/2023\/09\/soca-river.jpg\",\"contentUrl\":\"http:\/\/www.bovec-outdoor.com\/wp-content\/uploads\/2023\/09\/soca-river.jpg\",\"width\":1920,\"height\":1281,\"caption\":\"\u0160portne aktivnosti, Marko Belingar s.p. Cesta IX.Korpusa 75, 5250 Solkan, SI \u2013 SLOVENIA\"},\"image\":{\"@id\":\"https:\/\/www.bovec-outdoor.com\/sl\/#\/schema\/logo\/image\/\"},\"sameAs\":[\"https:\/\/www.facebook.com\/profile.php?id=100063759415623\"]}]}<\/script>\n<!-- \/ Yoast SEO plugin. -->","yoast_head_json":{"title":"Privacy center - Bovec Outdoor Guides","robots":{"index":"index","follow":"follow","max-snippet":"max-snippet:-1","max-image-preview":"max-image-preview:large","max-video-preview":"max-video-preview:-1"},"canonical":"https:\/\/www.bovec-outdoor.com\/sl\/privacy-center\/","og_locale":"sl_SI","og_type":"article","og_title":"Privacy center - Bovec Outdoor Guides","og_url":"https:\/\/www.bovec-outdoor.com\/sl\/privacy-center\/","og_site_name":"Bovec Outdoor Guides","article_publisher":"https:\/\/www.facebook.com\/profile.php?id=100063759415623","article_modified_time":"2020-12-29T09:18:05+00:00","og_image":[{"width":1920,"height":1281,"url":"https:\/\/www.bovec-outdoor.com\/wp-content\/uploads\/2023\/09\/soca-river.jpg","type":"image\/jpeg"}],"twitter_card":"summary_large_image","schema":{"@context":"https:\/\/schema.org","@graph":[{"@type":"WebPage","@id":"https:\/\/www.bovec-outdoor.com\/sl\/privacy-center\/","url":"https:\/\/www.bovec-outdoor.com\/sl\/privacy-center\/","name":"Privacy center - Bovec Outdoor Guides","isPartOf":{"@id":"https:\/\/www.bovec-outdoor.com\/sl\/#website"},"datePublished":"2020-12-19T10:26:51+00:00","dateModified":"2020-12-29T09:18:05+00:00","breadcrumb":{"@id":"https:\/\/www.bovec-outdoor.com\/sl\/privacy-center\/#breadcrumb"},"inLanguage":"sl-SI","potentialAction":[{"@type":"ReadAction","target":["https:\/\/www.bovec-outdoor.com\/sl\/privacy-center\/"]}]},{"@type":"BreadcrumbList","@id":"https:\/\/www.bovec-outdoor.com\/sl\/privacy-center\/#breadcrumb","itemListElement":[{"@type":"ListItem","position":1,"name":"Home","item":"https:\/\/www.bovec-outdoor.com\/sl\/"},{"@type":"ListItem","position":2,"name":"Privacy center"}]},{"@type":"WebSite","@id":"https:\/\/www.bovec-outdoor.com\/sl\/#website","url":"https:\/\/www.bovec-outdoor.com\/sl\/","name":"Bovec Outdoor Guides","description":"DISCOVER VALLEY THAT STIRS YOUR SOUL","publisher":{"@id":"https:\/\/www.bovec-outdoor.com\/sl\/#organization"},"potentialAction":[{"@type":"SearchAction","target":{"@type":"EntryPoint","urlTemplate":"https:\/\/www.bovec-outdoor.com\/sl\/?s={search_term_string}"},"query-input":{"@type":"PropertyValueSpecification","valueRequired":true,"valueName":"search_term_string"}}],"inLanguage":"sl-SI"},{"@type":"Organization","@id":"https:\/\/www.bovec-outdoor.com\/sl\/#organization","name":"\u0160portne aktivnosti, Marko Belingar s.p. Cesta IX.Korpusa 75, 5250 Solkan, SI \u2013 SLOVENIA","alternateName":"Bovec Outdoor Guides","url":"https:\/\/www.bovec-outdoor.com\/sl\/","logo":{"@type":"ImageObject","inLanguage":"sl-SI","@id":"https:\/\/www.bovec-outdoor.com\/sl\/#\/schema\/logo\/image\/","url":"http:\/\/www.bovec-outdoor.com\/wp-content\/uploads\/2023\/09\/soca-river.jpg","contentUrl":"http:\/\/www.bovec-outdoor.com\/wp-content\/uploads\/2023\/09\/soca-river.jpg","width":1920,"height":1281,"caption":"\u0160portne aktivnosti, Marko Belingar s.p. Cesta IX.Korpusa 75, 5250 Solkan, SI \u2013 SLOVENIA"},"image":{"@id":"https:\/\/www.bovec-outdoor.com\/sl\/#\/schema\/logo\/image\/"},"sameAs":["https:\/\/www.facebook.com\/profile.php?id=100063759415623"]}]}},"_links":{"self":[{"href":"https:\/\/www.bovec-outdoor.com\/sl\/wp-json\/wp\/v2\/pages\/2458","targetHints":{"allow":["GET"]}}],"collection":[{"href":"https:\/\/www.bovec-outdoor.com\/sl\/wp-json\/wp\/v2\/pages"}],"about":[{"href":"https:\/\/www.bovec-outdoor.com\/sl\/wp-json\/wp\/v2\/types\/page"}],"author":[{"embeddable":true,"href":"https:\/\/www.bovec-outdoor.com\/sl\/wp-json\/wp\/v2\/users\/1"}],"replies":[{"embeddable":true,"href":"https:\/\/www.bovec-outdoor.com\/sl\/wp-json\/wp\/v2\/comments?post=2458"}],"version-history":[{"count":1,"href":"https:\/\/www.bovec-outdoor.com\/sl\/wp-json\/wp\/v2\/pages\/2458\/revisions"}],"predecessor-version":[{"id":2459,"href":"https:\/\/www.bovec-outdoor.com\/sl\/wp-json\/wp\/v2\/pages\/2458\/revisions\/2459"}],"wp:attachment":[{"href":"https:\/\/www.bovec-outdoor.com\/sl\/wp-json\/wp\/v2\/media?parent=2458"}],"curies":[{"name":"wp","href":"https:\/\/api.w.org\/{rel}","templated":true}]}}