{"id":2265,"date":"2020-11-26T16:24:41","date_gmt":"2020-11-26T16:24:41","guid":{"rendered":"http:\/\/www.bovec-outdoor.com\/winter-activities\/"},"modified":"2023-01-29T13:37:14","modified_gmt":"2023-01-29T13:37:14","slug":"zimske-aktivnosti","status":"publish","type":"page","link":"https:\/\/www.bovec-outdoor.com\/sl\/zimske-aktivnosti\/","title":{"rendered":"Zimske aktivnosti"},"content":{"rendered":"<div class=\"wpb-content-wrapper\"><p>[vc_row full_width=&#8221;stretch_row&#8221; gap=&#8221;25&#8243; parallax=&#8221;content-moving&#8221; parallax_image=&#8221;1630&#8243; css=&#8221;.vc_custom_1606408117788{padding-top: 28vh !important;padding-bottom: 30vh !important;}&#8221;][vc_column][vc_row_inner][vc_column_inner width=&#8221;1\/6&#8243;][\/vc_column_inner][vc_column_inner width=&#8221;2\/3&#8243; css=&#8221;.vc_custom_1601630861276{padding-top: 2vh !important;padding-bottom: 2vh !important;background-color: rgba(0,0,0,0.11) !important;*background-color: rgb(0,0,0) !important;}&#8221;]<div id=\"cz_20722\" class=\"cz_20722 cz_title clr cz_mobile_text_center cz_title_pos_inline tac\"><div class=\"cz_title_content\"><div class=\"cz_wpe_content\"><h1 style=\"text-align: center;\"><span style=\"color: #ffffff;\"><strong>ZIMSKE AKTIVNOSTI<\/strong><\/span><\/h1>\n<h2 style=\"text-align: center;\"><span style=\"color: #00c5c6;\">Smu\u010darska do\u017eivetja nad dolino So\u010de<\/span><\/h2>\n<\/div><\/div><\/div>[\/vc_column_inner][vc_column_inner width=&#8221;1\/6&#8243;][\/vc_column_inner][\/vc_row_inner][\/vc_column][\/vc_row][vc_row full_width=&#8221;stretch_row_content_no_spaces&#8221; css=&#8221;.vc_custom_1601410078700{padding-bottom: 4vh !important;}&#8221;][vc_column]<div class=\"relative\"><div id=\"cz_45250\" class=\"cz_sep2 cz_sep2_24 cz_sep_bottom\"><svg preserveAspectRatio=\"none\" xmlns=\"http:\/\/www.w3.org\/2000\/svg\" width=\"100%\"  viewBox=\"0 0 1600 200\">\n\t\t\t\t\t\t\t<path style=\"fill:rgba(244,244,244,0.25)\" d=\"M-4.5,19L318,117,502,43l186,86L968,31l64,47,99-31,104,78,159,47,134-83,167.5,115H-4Z\"\/>\n\t\t\t\t\t\t\t<path style=\"fill:#ffffff\" d=\"M-4.5,19L328,139,528.5,63,658,148,976,56l72,43,68-38,135,85,161,34,103-76,180.5,100H-4Z\"\/>\n\t\t\t\t\t\t<\/svg><\/div><\/div>[\/vc_column][\/vc_row][vc_row][vc_column width=&#8221;1\/3&#8243;]<a class=\"cz_content_box_link\" href=\"\/sl\/zimske-aktivnosti\/individualne-smucarske-ure\/\" title=\"PRIVATE SKI LESSONS IN BOVEC \u2013 KANIN HIGHLAND SKI RESORT\" aria-label=\"PRIVATE SKI LESSONS IN BOVEC \u2013 KANIN HIGHLAND SKI RESORT\"><div class=\"cz_eqh cz_content_box_parent_fx  \"><div class=\"fx_zoom_0_hover\"><div id=\"cz_91690\" class=\"cz_91690 cz_content_box clr\"><div class=\"cz_box_front clr\"><div class=\"cz_box_front_inner clr \"><span><\/span><div><div id=\"cz_84410\" class=\"cz_84410 cz_image clr cz_image_no_fx center_on_mobile\"><div class=\"\" ><div class=\"cz_image_in\"><div class=\"cz_main_image\"><img decoding=\"async\" class=\"\" src=\"https:\/\/www.bovec-outdoor.com\/wp-content\/uploads\/2020\/11\/private-sli-leassons-bovec-kanin-2-500x500.jpg\" width=\"500\" height=\"500\" alt=\"private-sli-leassons-bovec-kanin-2\" title=\"private-sli-leassons-bovec-kanin-2\" loading=\"lazy\" \/><\/div><\/div><\/div><\/div><div class=\"cz_gap clr \" style=\"height: 22px\"><\/div><div id=\"cz_64472\" class=\"cz_64472 cz_title clr cz_title_pos_inline tac\"><div class=\"cz_title_content\"><div class=\"cz_wpe_content\"><h3 style=\"text-align: center;\">INDIVIDUALNE SMU\u010cARSKE URE<\/h3>\n<\/div><\/div><\/div><\/div><\/div><\/div><\/div><\/div><\/div><\/a><div class=\"cz_gap clr \" style=\"height: 22px\"><\/div>[\/vc_column][vc_column width=&#8221;1\/3&#8243;]<a class=\"cz_content_box_link\" href=\"\/sl\/zimske-aktivnosti\/najem-smucarskega-ucitelja\/\"><div class=\"cz_eqh cz_content_box_parent_fx  \"><div class=\"fx_zoom_0_hover\"><div id=\"cz_85922\" class=\"cz_85922 cz_content_box clr\"><div class=\"cz_box_front clr\"><div class=\"cz_box_front_inner clr \"><span><\/span><div><div id=\"cz_22345\" class=\"cz_22345 cz_image clr cz_image_no_fx center_on_mobile\"><div class=\"\" ><div class=\"cz_image_in\"><div class=\"cz_main_image\"><img decoding=\"async\" class=\"\" src=\"https:\/\/www.bovec-outdoor.com\/wp-content\/uploads\/2020\/11\/private-sli-leassons-bovec-kanin-1.jpg\" width=\"500\" height=\"500\" alt=\"private-sli-leassons-bovec-kanin-1\" title=\"private-sli-leassons-bovec-kanin-1\" loading=\"lazy\" \/><\/div><\/div><\/div><\/div><div class=\"cz_gap clr \" style=\"height: 22px\"><\/div><div id=\"cz_35917\" class=\"cz_35917 cz_title clr cz_title_pos_inline tac\"><div class=\"cz_title_content\"><div class=\"cz_wpe_content\"><h3 style=\"text-align: center;\">NAJEM SMU\u010cARSKEGA U\u010cITELJA<\/h3>\n<\/div><\/div><\/div><\/div><\/div><\/div><\/div><\/div><\/div><\/a><div class=\"cz_gap clr \" style=\"height: 22px\"><\/div>[\/vc_column][vc_column width=&#8221;1\/3&#8243;]<a class=\"cz_content_box_link\" href=\"\/sl\/zimske-aktivnosti\/smucarski-tecaji-za-druzine\/\"><div class=\"cz_eqh cz_content_box_parent_fx  \"><div class=\"fx_zoom_0_hover\"><div id=\"cz_95464\" class=\"cz_95464 cz_content_box clr\"><div class=\"cz_box_front clr\"><div class=\"cz_box_front_inner clr \"><span><\/span><div><div id=\"cz_103345\" class=\"cz_103345 cz_image clr cz_image_no_fx center_on_mobile\"><div class=\"\" ><div class=\"cz_image_in\"><div class=\"cz_main_image\"><img decoding=\"async\" class=\"\" src=\"https:\/\/www.bovec-outdoor.com\/wp-content\/uploads\/2020\/11\/Ski-school-bovec-kanin_home.jpg\" width=\"500\" height=\"500\" alt=\"SKI INSTRUCTOR HIRE PER DAY\" title=\"SKI INSTRUCTOR HIRE PER DAY\" loading=\"lazy\" \/><\/div><\/div><\/div><\/div><div class=\"cz_gap clr \" style=\"height: 22px\"><\/div><div id=\"cz_76938\" class=\"cz_76938 cz_title clr cz_title_pos_inline tac\"><div class=\"cz_title_content\"><div class=\"cz_wpe_content\"><h3 style=\"text-align: center;\">SMU\u010cARSKI TE\u010cAJI ZA DRU\u017dINE<\/h3>\n<\/div><\/div><\/div><\/div><\/div><\/div><\/div><\/div><\/div><\/a><div class=\"cz_gap clr \" style=\"height: 22px\"><\/div>[\/vc_column][\/vc_row][vc_row css=&#8221;.vc_custom_1601630962480{padding-top: 4vh !important;padding-bottom: 6vh !important;}&#8221;][vc_column]<div id=\"cz_49578\" class=\"cz_49578 cz_title clr cz_mobile_text_center cz_title_pos_inline tac\"><div class=\"cz_title_content\"><div class=\"cz_wpe_content\"><h1 style=\"text-align: center;\"><strong>DNEVI ZIMSKIH RADOSTI<\/strong><\/h1>\n<h2 style=\"text-align: center;\"><span style=\"color: #00c5c6;\">Pripravite mi\u0161ice, zajemite \u010disti gorski zrak in u\u017eivajte v dnevu visoko nad oblaki &#8211; \u010dista pravljica. <\/span><\/h2>\n<\/div><\/div><\/div>[\/vc_column][\/vc_row][vc_row full_width=&#8221;stretch_row&#8221; css=&#8221;.vc_custom_1606423110045{padding-top: 4vh !important;padding-bottom: 6vh !important;}&#8221;][vc_column]<div class=\"cz_gap clr \" style=\"height: 50px\"><\/div><div id=\"cz_43970\" class=\"cz_43970 cz_title clr cz_mobile_text_center cz_title_pos_inline tac\"><div class=\"cz_title_content\"><div class=\"cz_wpe_content\"><h3 style=\"text-align: center;\">Galerija slik<\/h3>\n<\/div><\/div><\/div><div class=\"cz_gap clr \" style=\"height: 22px\"><\/div><div id=\"cz_35002\" class=\"cz_grid_p cz_35002\"><div class=\"cz_grid cz_grid_1 clr cz_grid_c5 cz_grid_1_no_title cz_grid_1_mid tac\"><div class=\"cz_grid_item cz_grid_first\"><\/div><div class=\"cz_grid_item \"><div><a class=\"cz_grid_link \" href=\"https:\/\/www.bovec-outdoor.com\/wp-content\/uploads\/2020\/11\/Snowshoeing-trigalv-national-ppark-05.jpg\" data-xtra-lightbox><img decoding=\"async\" class=\"\" src=\"https:\/\/www.bovec-outdoor.com\/wp-content\/uploads\/2020\/11\/Snowshoeing-trigalv-national-ppark-05-440x400.jpg\" width=\"440\" height=\"400\" alt=\"Snowshoeing-trigalv-national-ppark-05\" title=\"Snowshoeing-trigalv-national-ppark-05\" loading=\"lazy\" \/><div class=\"cz_grid_details\"><i class=\"fa fa-search cz_grid_icon\"><\/i><\/div><\/a><\/div><\/div><div class=\"cz_grid_item \"><div><a class=\"cz_grid_link \" href=\"https:\/\/www.bovec-outdoor.com\/wp-content\/uploads\/2020\/11\/private-sli-leassons-bovec-kanin_11.jpg\" data-xtra-lightbox><img decoding=\"async\" class=\"\" src=\"https:\/\/www.bovec-outdoor.com\/wp-content\/uploads\/2020\/11\/private-sli-leassons-bovec-kanin_11-440x400.jpg\" width=\"440\" height=\"400\" alt=\"private-sli-leassons-bovec-kanin_11\" title=\"private-sli-leassons-bovec-kanin_11\" loading=\"lazy\" \/><div class=\"cz_grid_details\"><i class=\"fa fa-search cz_grid_icon\"><\/i><\/div><\/a><\/div><\/div><div class=\"cz_grid_item \"><div><a class=\"cz_grid_link \" href=\"https:\/\/www.bovec-outdoor.com\/wp-content\/uploads\/2020\/11\/private-sli-leassons-bovec-kanin_09.jpg\" data-xtra-lightbox><img decoding=\"async\" class=\"\" src=\"https:\/\/www.bovec-outdoor.com\/wp-content\/uploads\/2020\/11\/private-sli-leassons-bovec-kanin_09-440x400.jpg\" width=\"440\" height=\"400\" alt=\"private-sli-leassons-bovec-kanin_09\" title=\"private-sli-leassons-bovec-kanin_09\" loading=\"lazy\" \/><div class=\"cz_grid_details\"><i class=\"fa fa-search cz_grid_icon\"><\/i><\/div><\/a><\/div><\/div><div class=\"cz_grid_item \"><div><a class=\"cz_grid_link \" href=\"https:\/\/www.bovec-outdoor.com\/wp-content\/uploads\/2020\/11\/private-sli-leassons-bovec-kanin_06.jpg\" data-xtra-lightbox><img decoding=\"async\" class=\"\" src=\"https:\/\/www.bovec-outdoor.com\/wp-content\/uploads\/2020\/11\/private-sli-leassons-bovec-kanin_06-440x400.jpg\" width=\"440\" height=\"400\" alt=\"private-sli-leassons-bovec-kanin_06\" title=\"private-sli-leassons-bovec-kanin_06\" loading=\"lazy\" \/><div class=\"cz_grid_details\"><i class=\"fa fa-search cz_grid_icon\"><\/i><\/div><\/a><\/div><\/div><div class=\"cz_grid_item \"><div><a class=\"cz_grid_link \" href=\"https:\/\/www.bovec-outdoor.com\/wp-content\/uploads\/2020\/11\/private-sli-leassons-bovec-kanin_04.jpg\" data-xtra-lightbox><img decoding=\"async\" class=\"\" src=\"https:\/\/www.bovec-outdoor.com\/wp-content\/uploads\/2020\/11\/private-sli-leassons-bovec-kanin_04-440x400.jpg\" width=\"440\" height=\"400\" alt=\"private-sli-leassons-bovec-kanin_04\" title=\"private-sli-leassons-bovec-kanin_04\" loading=\"lazy\" \/><div class=\"cz_grid_details\"><i class=\"fa fa-search cz_grid_icon\"><\/i><\/div><\/a><\/div><\/div><div class=\"cz_grid_item \"><div><a class=\"cz_grid_link \" href=\"https:\/\/www.bovec-outdoor.com\/wp-content\/uploads\/2020\/11\/bovec-kanin-group-ski-lessons-for-kids_12_exposure.jpg\" data-xtra-lightbox><img decoding=\"async\" class=\"\" src=\"https:\/\/www.bovec-outdoor.com\/wp-content\/uploads\/2020\/11\/bovec-kanin-group-ski-lessons-for-kids_12_exposure-440x400.jpg\" width=\"440\" height=\"400\" alt=\"bovec-kanin-group ski lessons for kids_12_exposure\" title=\"bovec-kanin-group ski lessons for kids_12_exposure\" loading=\"lazy\" \/><div class=\"cz_grid_details\"><i class=\"fa fa-search cz_grid_icon\"><\/i><\/div><\/a><\/div><\/div><div class=\"cz_grid_item \"><div><a class=\"cz_grid_link \" href=\"https:\/\/www.bovec-outdoor.com\/wp-content\/uploads\/2020\/11\/Ski-school-bovec-kanin_10.jpg\" data-xtra-lightbox><img decoding=\"async\" class=\"\" src=\"https:\/\/www.bovec-outdoor.com\/wp-content\/uploads\/2020\/11\/Ski-school-bovec-kanin_10-440x400.jpg\" width=\"440\" height=\"400\" alt=\"Ski-school-bovec-kanin_10\" title=\"Ski-school-bovec-kanin_10\" loading=\"lazy\" \/><div class=\"cz_grid_details\"><i class=\"fa fa-search cz_grid_icon\"><\/i><\/div><\/a><\/div><\/div><div class=\"cz_grid_item \"><div><a class=\"cz_grid_link \" href=\"https:\/\/www.bovec-outdoor.com\/wp-content\/uploads\/2020\/11\/private-sli-leassons-bovec-kanin_12.jpg\" data-xtra-lightbox><img decoding=\"async\" class=\"\" src=\"https:\/\/www.bovec-outdoor.com\/wp-content\/uploads\/2020\/11\/private-sli-leassons-bovec-kanin_12-440x400.jpg\" width=\"440\" height=\"400\" alt=\"private-sli-leassons-bovec-kanin_12\" title=\"private-sli-leassons-bovec-kanin_12\" loading=\"lazy\" \/><div class=\"cz_grid_details\"><i class=\"fa fa-search cz_grid_icon\"><\/i><\/div><\/a><\/div><\/div><div class=\"cz_grid_item \"><div><a class=\"cz_grid_link \" href=\"https:\/\/www.bovec-outdoor.com\/wp-content\/uploads\/2020\/11\/Ski-school-bovec-kanin_14.jpg\" data-xtra-lightbox><img decoding=\"async\" class=\"\" src=\"https:\/\/www.bovec-outdoor.com\/wp-content\/uploads\/2020\/11\/Ski-school-bovec-kanin_14-440x400.jpg\" width=\"440\" height=\"400\" alt=\"Ski-school-bovec-kanin_14\" title=\"Ski-school-bovec-kanin_14\" loading=\"lazy\" \/><div class=\"cz_grid_details\"><i class=\"fa fa-search cz_grid_icon\"><\/i><\/div><\/a><\/div><\/div><div class=\"cz_grid_item \"><div><a class=\"cz_grid_link \" href=\"https:\/\/www.bovec-outdoor.com\/wp-content\/uploads\/2020\/11\/Snowshoeing-trigalv-national-ppark-14.jpg\" data-xtra-lightbox><img decoding=\"async\" class=\"\" src=\"https:\/\/www.bovec-outdoor.com\/wp-content\/uploads\/2020\/11\/Snowshoeing-trigalv-national-ppark-14-440x400.jpg\" width=\"440\" height=\"400\" alt=\"Snowshoeing-trigalv-national-ppark-14\" title=\"Snowshoeing-trigalv-national-ppark-14\" loading=\"lazy\" \/><div class=\"cz_grid_details\"><i class=\"fa fa-search cz_grid_icon\"><\/i><\/div><\/a><\/div><\/div><\/div><\/div><div class=\"cz_gap clr \" style=\"height: 50px\"><\/div>[\/vc_column][\/vc_row]<\/p>\n<\/div>","protected":false},"excerpt":{"rendered":"<p>[vc_row full_width=&#8221;stretch_row&#8221; gap=&#8221;25&#8243; parallax=&#8221;content-moving&#8221; parallax_image=&#8221;1630&#8243; css=&#8221;.vc_custom_1606408117788{padding-top: 28vh !important;padding-bottom: 30vh !important;}&#8221;][vc_column][vc_row_inner][vc_column_inner width=&#8221;1\/6&#8243;][\/vc_column_inner][vc_column_inner &#8230; <\/p>\n","protected":false},"author":1,"featured_media":0,"parent":0,"menu_order":0,"comment_status":"closed","ping_status":"closed","template":"","meta":{"iawp_total_views":64,"footnotes":""},"class_list":["post-2265","page","type-page","status-publish","hentry"],"yoast_head":"<!-- This site is optimized with the Yoast SEO plugin v25.5 - https:\/\/yoast.com\/wordpress\/plugins\/seo\/ -->\n<title>Zimske aktivnosti - Bovec Outdoor Guides<\/title>\n<meta name=\"robots\" content=\"index, follow, max-snippet:-1, max-image-preview:large, max-video-preview:-1\" \/>\n<link rel=\"canonical\" href=\"https:\/\/www.bovec-outdoor.com\/sl\/zimske-aktivnosti\/\" \/>\n<meta property=\"og:locale\" content=\"sl_SI\" \/>\n<meta property=\"og:type\" content=\"article\" \/>\n<meta property=\"og:title\" content=\"Zimske aktivnosti - Bovec Outdoor Guides\" \/>\n<meta property=\"og:description\" content=\"[vc_row full_width=&#8221;stretch_row&#8221; gap=&#8221;25&#8243; parallax=&#8221;content-moving&#8221; parallax_image=&#8221;1630&#8243; css=&#8221;.vc_custom_1606408117788{padding-top: 28vh !important;padding-bottom: 30vh !important;}&#8221;][vc_column][vc_row_inner][vc_column_inner width=&#8221;1\/6&#8243;][\/vc_column_inner][vc_column_inner ...\" \/>\n<meta property=\"og:url\" content=\"https:\/\/www.bovec-outdoor.com\/sl\/zimske-aktivnosti\/\" \/>\n<meta property=\"og:site_name\" content=\"Bovec Outdoor Guides\" \/>\n<meta property=\"article:publisher\" content=\"https:\/\/www.facebook.com\/profile.php?id=100063759415623\" \/>\n<meta property=\"article:modified_time\" content=\"2023-01-29T13:37:14+00:00\" \/>\n<meta property=\"og:image\" content=\"https:\/\/www.bovec-outdoor.com\/wp-content\/uploads\/2023\/09\/soca-river.jpg\" \/>\n\t<meta property=\"og:image:width\" content=\"1920\" \/>\n\t<meta property=\"og:image:height\" content=\"1281\" \/>\n\t<meta property=\"og:image:type\" content=\"image\/jpeg\" \/>\n<meta name=\"twitter:card\" content=\"summary_large_image\" \/>\n<meta name=\"twitter:label1\" content=\"Est. reading time\" \/>\n\t<meta name=\"twitter:data1\" content=\"1 minuta\" \/>\n<script type=\"application\/ld+json\" class=\"yoast-schema-graph\">{\"@context\":\"https:\/\/schema.org\",\"@graph\":[{\"@type\":\"WebPage\",\"@id\":\"https:\/\/www.bovec-outdoor.com\/sl\/zimske-aktivnosti\/\",\"url\":\"https:\/\/www.bovec-outdoor.com\/sl\/zimske-aktivnosti\/\",\"name\":\"Zimske aktivnosti - Bovec Outdoor Guides\",\"isPartOf\":{\"@id\":\"https:\/\/www.bovec-outdoor.com\/sl\/#website\"},\"datePublished\":\"2020-11-26T16:24:41+00:00\",\"dateModified\":\"2023-01-29T13:37:14+00:00\",\"breadcrumb\":{\"@id\":\"https:\/\/www.bovec-outdoor.com\/sl\/zimske-aktivnosti\/#breadcrumb\"},\"inLanguage\":\"sl-SI\",\"potentialAction\":[{\"@type\":\"ReadAction\",\"target\":[\"https:\/\/www.bovec-outdoor.com\/sl\/zimske-aktivnosti\/\"]}]},{\"@type\":\"BreadcrumbList\",\"@id\":\"https:\/\/www.bovec-outdoor.com\/sl\/zimske-aktivnosti\/#breadcrumb\",\"itemListElement\":[{\"@type\":\"ListItem\",\"position\":1,\"name\":\"Home\",\"item\":\"https:\/\/www.bovec-outdoor.com\/sl\/\"},{\"@type\":\"ListItem\",\"position\":2,\"name\":\"Zimske aktivnosti\"}]},{\"@type\":\"WebSite\",\"@id\":\"https:\/\/www.bovec-outdoor.com\/sl\/#website\",\"url\":\"https:\/\/www.bovec-outdoor.com\/sl\/\",\"name\":\"Bovec Outdoor Guides\",\"description\":\"DISCOVER VALLEY THAT STIRS YOUR SOUL\",\"publisher\":{\"@id\":\"https:\/\/www.bovec-outdoor.com\/sl\/#organization\"},\"potentialAction\":[{\"@type\":\"SearchAction\",\"target\":{\"@type\":\"EntryPoint\",\"urlTemplate\":\"https:\/\/www.bovec-outdoor.com\/sl\/?s={search_term_string}\"},\"query-input\":{\"@type\":\"PropertyValueSpecification\",\"valueRequired\":true,\"valueName\":\"search_term_string\"}}],\"inLanguage\":\"sl-SI\"},{\"@type\":\"Organization\",\"@id\":\"https:\/\/www.bovec-outdoor.com\/sl\/#organization\",\"name\":\"\u0160portne aktivnosti, Marko Belingar s.p. Cesta IX.Korpusa 75, 5250 Solkan, SI \u2013 SLOVENIA\",\"alternateName\":\"Bovec Outdoor Guides\",\"url\":\"https:\/\/www.bovec-outdoor.com\/sl\/\",\"logo\":{\"@type\":\"ImageObject\",\"inLanguage\":\"sl-SI\",\"@id\":\"https:\/\/www.bovec-outdoor.com\/sl\/#\/schema\/logo\/image\/\",\"url\":\"http:\/\/www.bovec-outdoor.com\/wp-content\/uploads\/2023\/09\/soca-river.jpg\",\"contentUrl\":\"http:\/\/www.bovec-outdoor.com\/wp-content\/uploads\/2023\/09\/soca-river.jpg\",\"width\":1920,\"height\":1281,\"caption\":\"\u0160portne aktivnosti, Marko Belingar s.p. Cesta IX.Korpusa 75, 5250 Solkan, SI \u2013 SLOVENIA\"},\"image\":{\"@id\":\"https:\/\/www.bovec-outdoor.com\/sl\/#\/schema\/logo\/image\/\"},\"sameAs\":[\"https:\/\/www.facebook.com\/profile.php?id=100063759415623\"]}]}<\/script>\n<!-- \/ Yoast SEO plugin. -->","yoast_head_json":{"title":"Zimske aktivnosti - Bovec Outdoor Guides","robots":{"index":"index","follow":"follow","max-snippet":"max-snippet:-1","max-image-preview":"max-image-preview:large","max-video-preview":"max-video-preview:-1"},"canonical":"https:\/\/www.bovec-outdoor.com\/sl\/zimske-aktivnosti\/","og_locale":"sl_SI","og_type":"article","og_title":"Zimske aktivnosti - Bovec Outdoor Guides","og_description":"[vc_row full_width=&#8221;stretch_row&#8221; gap=&#8221;25&#8243; parallax=&#8221;content-moving&#8221; parallax_image=&#8221;1630&#8243; css=&#8221;.vc_custom_1606408117788{padding-top: 28vh !important;padding-bottom: 30vh !important;}&#8221;][vc_column][vc_row_inner][vc_column_inner width=&#8221;1\/6&#8243;][\/vc_column_inner][vc_column_inner ...","og_url":"https:\/\/www.bovec-outdoor.com\/sl\/zimske-aktivnosti\/","og_site_name":"Bovec Outdoor Guides","article_publisher":"https:\/\/www.facebook.com\/profile.php?id=100063759415623","article_modified_time":"2023-01-29T13:37:14+00:00","og_image":[{"width":1920,"height":1281,"url":"https:\/\/www.bovec-outdoor.com\/wp-content\/uploads\/2023\/09\/soca-river.jpg","type":"image\/jpeg"}],"twitter_card":"summary_large_image","twitter_misc":{"Est. reading time":"1 minuta"},"schema":{"@context":"https:\/\/schema.org","@graph":[{"@type":"WebPage","@id":"https:\/\/www.bovec-outdoor.com\/sl\/zimske-aktivnosti\/","url":"https:\/\/www.bovec-outdoor.com\/sl\/zimske-aktivnosti\/","name":"Zimske aktivnosti - Bovec Outdoor Guides","isPartOf":{"@id":"https:\/\/www.bovec-outdoor.com\/sl\/#website"},"datePublished":"2020-11-26T16:24:41+00:00","dateModified":"2023-01-29T13:37:14+00:00","breadcrumb":{"@id":"https:\/\/www.bovec-outdoor.com\/sl\/zimske-aktivnosti\/#breadcrumb"},"inLanguage":"sl-SI","potentialAction":[{"@type":"ReadAction","target":["https:\/\/www.bovec-outdoor.com\/sl\/zimske-aktivnosti\/"]}]},{"@type":"BreadcrumbList","@id":"https:\/\/www.bovec-outdoor.com\/sl\/zimske-aktivnosti\/#breadcrumb","itemListElement":[{"@type":"ListItem","position":1,"name":"Home","item":"https:\/\/www.bovec-outdoor.com\/sl\/"},{"@type":"ListItem","position":2,"name":"Zimske aktivnosti"}]},{"@type":"WebSite","@id":"https:\/\/www.bovec-outdoor.com\/sl\/#website","url":"https:\/\/www.bovec-outdoor.com\/sl\/","name":"Bovec Outdoor Guides","description":"DISCOVER VALLEY THAT STIRS YOUR SOUL","publisher":{"@id":"https:\/\/www.bovec-outdoor.com\/sl\/#organization"},"potentialAction":[{"@type":"SearchAction","target":{"@type":"EntryPoint","urlTemplate":"https:\/\/www.bovec-outdoor.com\/sl\/?s={search_term_string}"},"query-input":{"@type":"PropertyValueSpecification","valueRequired":true,"valueName":"search_term_string"}}],"inLanguage":"sl-SI"},{"@type":"Organization","@id":"https:\/\/www.bovec-outdoor.com\/sl\/#organization","name":"\u0160portne aktivnosti, Marko Belingar s.p. Cesta IX.Korpusa 75, 5250 Solkan, SI \u2013 SLOVENIA","alternateName":"Bovec Outdoor Guides","url":"https:\/\/www.bovec-outdoor.com\/sl\/","logo":{"@type":"ImageObject","inLanguage":"sl-SI","@id":"https:\/\/www.bovec-outdoor.com\/sl\/#\/schema\/logo\/image\/","url":"http:\/\/www.bovec-outdoor.com\/wp-content\/uploads\/2023\/09\/soca-river.jpg","contentUrl":"http:\/\/www.bovec-outdoor.com\/wp-content\/uploads\/2023\/09\/soca-river.jpg","width":1920,"height":1281,"caption":"\u0160portne aktivnosti, Marko Belingar s.p. Cesta IX.Korpusa 75, 5250 Solkan, SI \u2013 SLOVENIA"},"image":{"@id":"https:\/\/www.bovec-outdoor.com\/sl\/#\/schema\/logo\/image\/"},"sameAs":["https:\/\/www.facebook.com\/profile.php?id=100063759415623"]}]}},"_links":{"self":[{"href":"https:\/\/www.bovec-outdoor.com\/sl\/wp-json\/wp\/v2\/pages\/2265","targetHints":{"allow":["GET"]}}],"collection":[{"href":"https:\/\/www.bovec-outdoor.com\/sl\/wp-json\/wp\/v2\/pages"}],"about":[{"href":"https:\/\/www.bovec-outdoor.com\/sl\/wp-json\/wp\/v2\/types\/page"}],"author":[{"embeddable":true,"href":"https:\/\/www.bovec-outdoor.com\/sl\/wp-json\/wp\/v2\/users\/1"}],"replies":[{"embeddable":true,"href":"https:\/\/www.bovec-outdoor.com\/sl\/wp-json\/wp\/v2\/comments?post=2265"}],"version-history":[{"count":12,"href":"https:\/\/www.bovec-outdoor.com\/sl\/wp-json\/wp\/v2\/pages\/2265\/revisions"}],"predecessor-version":[{"id":2987,"href":"https:\/\/www.bovec-outdoor.com\/sl\/wp-json\/wp\/v2\/pages\/2265\/revisions\/2987"}],"wp:attachment":[{"href":"https:\/\/www.bovec-outdoor.com\/sl\/wp-json\/wp\/v2\/media?parent=2265"}],"curies":[{"name":"wp","href":"https:\/\/api.w.org\/{rel}","templated":true}]}}